{"id":22,"date":"2020-09-20T16:24:17","date_gmt":"2020-09-20T16:24:17","guid":{"rendered":"http:\/\/lebensraumerhalten.ch\/?page_id=22"},"modified":"2021-05-11T08:31:47","modified_gmt":"2021-05-11T08:31:47","slug":"impressum","status":"publish","type":"page","link":"https:\/\/lebensraumerhalten.ch\/?page_id=22","title":{"rendered":"Impressum"},"content":{"rendered":"\n<p>Die Interessensgemeinschaft Lebensraum Erhalten  (ohne formelle Rechtsform) besteht aus Bewohnerinnen und Bewohnern sowie Eigent\u00fcmerinnen und Eigent\u00fcmern von Nachbargrundst\u00fccken des Bauprojekt-Grundst\u00fccks Witikonerstrasse 32-34.<\/p>\n\n\n\n<p><br><a rel=\"noreferrer noopener\" href=\"mailto:info@lebensraumerhalten.ch\" target=\"_blank\">info@lebensraumerhalten.ch<\/a><\/p>\n","protected":false},"excerpt":{"rendered":"<p>Die Interessensgemeinschaft Lebensraum Erhalten (ohne formelle Rechtsform) besteht aus Bewohnerinnen und Bewohnern sowie Eigent\u00fcmerinnen und Eigent\u00fcmern von Nachbargrundst\u00fccken des Bauprojekt-Grundst\u00fccks Witikonerstrasse 32-34. info@lebensraumerhalten.ch<\/p>\n","protected":false},"author":1,"featured_media":0,"parent":0,"menu_order":0,"comment_status":"closed","ping_status":"closed","template":"","meta":[],"_links":{"self":[{"href":"https:\/\/lebensraumerhalten.ch\/index.php?rest_route=\/wp\/v2\/pages\/22"}],"collection":[{"href":"https:\/\/lebensraumerhalten.ch\/index.php?rest_route=\/wp\/v2\/pages"}],"about":[{"href":"https:\/\/lebensraumerhalten.ch\/index.php?rest_route=\/wp\/v2\/types\/page"}],"author":[{"embeddable":true,"href":"https:\/\/lebensraumerhalten.ch\/index.php?rest_route=\/wp\/v2\/users\/1"}],"replies":[{"embeddable":true,"href":"https:\/\/lebensraumerhalten.ch\/index.php?rest_route=%2Fwp%2Fv2%2Fcomments&post=22"}],"version-history":[{"count":4,"href":"https:\/\/lebensraumerhalten.ch\/index.php?rest_route=\/wp\/v2\/pages\/22\/revisions"}],"predecessor-version":[{"id":113,"href":"https:\/\/lebensraumerhalten.ch\/index.php?rest_route=\/wp\/v2\/pages\/22\/revisions\/113"}],"wp:attachment":[{"href":"https:\/\/lebensraumerhalten.ch\/index.php?rest_route=%2Fwp%2Fv2%2Fmedia&parent=22"}],"curies":[{"name":"wp","href":"https:\/\/api.w.org\/{rel}","templated":true}]}}