{"id":2,"date":"2016-05-10T03:48:21","date_gmt":"2016-05-10T03:48:21","guid":{"rendered":"http:\/\/lebensraumerhalten.ch\/?page_id=2"},"modified":"2021-05-12T07:48:52","modified_gmt":"2021-05-12T07:48:52","slug":"sample-page","status":"publish","type":"page","link":"https:\/\/lebensraumerhalten.ch\/","title":{"rendered":"Der gr\u00fcne Lebensraum Witikonerstrasse"},"content":{"rendered":"\n<p>Am 2. September 2020 wurde im Amtsblatt der Stadt Z\u00fcrich ein Baugesuch f\u00fcr ein Neubauprojekt an der Witikonerstrasse 32\/34 publiziert. So kurz wie trocken war dort zu lesen:&nbsp;<\/p>\n\n\n\n<blockquote class=\"wp-block-quote\"><p><em>\u00abWitikonerstrasse anstelle 32, 34, Ersatzneubau Mehrfamilienhaus mit 14 Wohnungen und 13 Autoabstellpl\u00e4tzen in Tiefgarage, Aufhebung der Parzellengrenze\u00bb.<\/em><\/p><\/blockquote>\n\n\n\n<p>F\u00fcr das reale Leben im Quartier bedeutet dieser Neubau nicht weniger als die eine massive Verminderung der Lebensqualit\u00e4t f\u00fcr die hier lebenden Menschen. Zudem zerst\u00f6rt es einen grossen, zusammenh\u00e4ngenden Gr\u00fcnkorridor und einen sich darauf befindenden Weiher. Das Bauprojekt sieht den Abriss der bestehenden Liegenschaft Witikonerstrasse 32-34, eine Verdoppelung des aktuellen Wohnvolumens sowie den Bau einer Tiefgarage inkl. Verbindung zum Baumeisterhaus vor.<\/p>\n\n\n<div id=\"s201_slides-2-1\" class=\"s201_slides s201_slides-2\" data-s201=\"{&quot;vertical&quot;:0,&quot;sliding_behavior&quot;:&quot;hover&quot;}\">\r\n\t\t<div class=\"s201_holder s201_slide_active\" data-part=\"holder\">\r\n\t\t\t<img src=\"https:\/\/lebensraumerhalten.ch\/wp-content\/uploads\/2020\/10\/WStr_32_34_10.jpeg\" srcset=\"https:\/\/lebensraumerhalten.ch\/wp-content\/uploads\/2020\/10\/WStr_32_34_10-300x203.jpeg 300w, https:\/\/lebensraumerhalten.ch\/wp-content\/uploads\/2020\/10\/WStr_32_34_10-1024x694.jpeg 1024w, https:\/\/lebensraumerhalten.ch\/wp-content\/uploads\/2020\/10\/WStr_32_34_10-768x520.jpeg 768w, https:\/\/lebensraumerhalten.ch\/wp-content\/uploads\/2020\/10\/WStr_32_34_10.jpeg 1280w\" sizes=\"(max-width: 1280px) 100vw, 1280px\" alt=\"\" class=\"s201_img_holder s201_noselect\"\/><div class=\"s201_item_img s201_noselect\"><div class=\"s201_overlay_img\" style=\"background-image:url('https:\/\/lebensraumerhalten.ch\/wp-content\/uploads\/2020\/10\/WStr_32_34_10.jpeg')\"><img src=\"https:\/\/lebensraumerhalten.ch\/wp-content\/uploads\/2020\/10\/WStr_32_34_10.jpeg\" srcset=\"https:\/\/lebensraumerhalten.ch\/wp-content\/uploads\/2020\/10\/WStr_32_34_10-300x203.jpeg 300w, https:\/\/lebensraumerhalten.ch\/wp-content\/uploads\/2020\/10\/WStr_32_34_10-1024x694.jpeg 1024w, https:\/\/lebensraumerhalten.ch\/wp-content\/uploads\/2020\/10\/WStr_32_34_10-768x520.jpeg 768w, https:\/\/lebensraumerhalten.ch\/wp-content\/uploads\/2020\/10\/WStr_32_34_10.jpeg 1280w\" sizes=\"(max-width: 1280px) 100vw, 1280px\" alt=\"\" class=\"s201_noselect\"\/><\/div><\/div><div class=\"s201_item_img s201_noselect\" style=\"width:40%;\"><div class=\"s201_overlay_img\" style=\"background-image:url('https:\/\/lebensraumerhalten.ch\/wp-content\/uploads\/2020\/10\/WStr_32_34_10_Montage.jpeg')\"><img src=\"https:\/\/lebensraumerhalten.ch\/wp-content\/uploads\/2020\/10\/WStr_32_34_10_Montage.jpeg\" srcset=\"https:\/\/lebensraumerhalten.ch\/wp-content\/uploads\/2020\/10\/WStr_32_34_10_Montage-300x203.jpeg 300w, https:\/\/lebensraumerhalten.ch\/wp-content\/uploads\/2020\/10\/WStr_32_34_10_Montage-1024x694.jpeg 1024w, https:\/\/lebensraumerhalten.ch\/wp-content\/uploads\/2020\/10\/WStr_32_34_10_Montage-768x520.jpeg 768w, https:\/\/lebensraumerhalten.ch\/wp-content\/uploads\/2020\/10\/WStr_32_34_10_Montage.jpeg 1280w\" sizes=\"(max-width: 1280px) 100vw, 1280px\" alt=\"\" class=\"s201_noselect\"\/><\/div>\r\n\t\t\t\t\t\t\t<div class=\"s201_slider s201_style_4\" style=\"top:50%;\"><div class=\"s201_top_line\"><\/div><div class=\"s201_handle\"><div class=\"s201_left_arrow\"><\/div><div class=\"s201_right_arrow\"><\/div><\/div><div class=\"s201_bottom_line\"><\/div><\/div>\r\n\t\t\t\t\t\t<\/div>\t\t\t<div class=\"s201_caption_text\"><span>Bildmaterial: Google, Visualisierung: W. Gottschall<\/span><\/div>\t\t<\/div>\r\n\t\t<\/div>\n\n\n\n<h2><strong>Neubauprojekt unterbricht Siedlungsstruktur und Gr\u00fcnkorridor<\/strong><\/h2>\n\n\n\n<p>Der Neubau ignoriert die aktuelle Siedlungsstruktur komplett: Er gliedert sich nicht in die bestehende, harmonische Reihe aus Heimatstilh\u00e4usern aus den 1920er Jahren ein, sondern unterbricht diese zugunsten einer maximalen Ausnutzung des Grundst\u00fccks &#8211; um m\u00f6glichst viel Rendite zu erwirtschaften. Unterbrochen wird allerdings nicht nur das einheitliche Siedlungsbild, sondern auch ein einmaliger Gr\u00fcnkorridor zwischen Witikonerstrasse und Sempacherstrasse. Dieser lebt von der Vernetzung zwischen den naturnah gestalteten G\u00e4rten und ist von unsch\u00e4tzbarem Wert f\u00fcr die Biodiversit\u00e4t im Quartier. Die vorgesehenen 13 Tiefgaragen-Parkpl\u00e4tze bedeuten eine Versiegelung praktisch des gesamten Grundst\u00fccks und zerst\u00f6ren den bestehenden Weiher, in und um den sich eine vielf\u00e4ltige Flora und Fauna eingenistet haben.<\/p>\n\n\n\n<figure class=\"wp-block-image size-large is-resized\"><img loading=\"lazy\" src=\"https:\/\/lebensraumerhalten.ch\/wp-content\/uploads\/2020\/10\/Molch2-e1603048665912-edited-1.png\" alt=\"\" class=\"wp-image-108\" width=\"396\" height=\"395\" srcset=\"https:\/\/lebensraumerhalten.ch\/wp-content\/uploads\/2020\/10\/Molch2-e1603048665912-edited-1.png 652w, https:\/\/lebensraumerhalten.ch\/wp-content\/uploads\/2020\/10\/Molch2-e1603048665912-edited-1-300x300.png 300w, https:\/\/lebensraumerhalten.ch\/wp-content\/uploads\/2020\/10\/Molch2-e1603048665912-edited-1-100x100.png 100w\" sizes=\"(max-width: 396px) 100vw, 396px\" \/><figcaption>Einer der zahlreichen Bewohner des Gr\u00fcnkorridors<\/figcaption><\/figure>\n\n\n\n<p>So leben derzeit inmitten der Stadt neben Molchen und Fr\u00f6schen auch Enten, Libellen und viele andere Insektenarten. Das Neubauprojekt bedeutet eine massive Verschlechterung der heute bestehenden Biodiversit\u00e4t. Auch der K\u00fchleffekt der Bepflanzung und Luftzirkulation im Gr\u00fcnkorridor wird durch den Neubau erheblich reduziert werden. Die stark frequentierte Witikonerstrasse stellt ohnehin bereits eine enorme Belastung f\u00fcr das Quartier dar. In Zeiten der fortschreitenden Erhitzung des Klimas ist die Begr\u00fcnung von St\u00e4dten bzw. der Erhalt bestehender Gr\u00fcnfl\u00e4chen unverzichtbar, um die Folgen des Klimawandels zu bew\u00e4ltigen und Lebensraum zu erhalten \u2013 f\u00fcr Mensch und Natur.<\/p>\n\n\n<div id=\"s201_slides-3-1\" class=\"s201_slides s201_slides-3\" data-s201=\"{&quot;vertical&quot;:0,&quot;sliding_behavior&quot;:&quot;hover&quot;}\">\r\n\t\t<div class=\"s201_holder s201_slide_active\" data-part=\"holder\">\r\n\t\t\t<img src=\"https:\/\/lebensraumerhalten.ch\/wp-content\/uploads\/2020\/10\/WStr_32_34_11.jpeg\" srcset=\"https:\/\/lebensraumerhalten.ch\/wp-content\/uploads\/2020\/10\/WStr_32_34_11-217x300.jpeg 217w, https:\/\/lebensraumerhalten.ch\/wp-content\/uploads\/2020\/10\/WStr_32_34_11-740x1024.jpeg 740w, https:\/\/lebensraumerhalten.ch\/wp-content\/uploads\/2020\/10\/WStr_32_34_11-768x1063.jpeg 768w, https:\/\/lebensraumerhalten.ch\/wp-content\/uploads\/2020\/10\/WStr_32_34_11.jpeg 925w\" sizes=\"(max-width: 925px) 100vw, 925px\" alt=\"\" class=\"s201_img_holder s201_noselect\"\/><div class=\"s201_item_img s201_noselect\"><div class=\"s201_overlay_img\" style=\"background-image:url('https:\/\/lebensraumerhalten.ch\/wp-content\/uploads\/2020\/10\/WStr_32_34_11.jpeg')\"><img src=\"https:\/\/lebensraumerhalten.ch\/wp-content\/uploads\/2020\/10\/WStr_32_34_11.jpeg\" srcset=\"https:\/\/lebensraumerhalten.ch\/wp-content\/uploads\/2020\/10\/WStr_32_34_11-217x300.jpeg 217w, https:\/\/lebensraumerhalten.ch\/wp-content\/uploads\/2020\/10\/WStr_32_34_11-740x1024.jpeg 740w, https:\/\/lebensraumerhalten.ch\/wp-content\/uploads\/2020\/10\/WStr_32_34_11-768x1063.jpeg 768w, https:\/\/lebensraumerhalten.ch\/wp-content\/uploads\/2020\/10\/WStr_32_34_11.jpeg 925w\" sizes=\"(max-width: 925px) 100vw, 925px\" alt=\"\" class=\"s201_noselect\"\/><\/div><\/div><div class=\"s201_item_img s201_noselect\" style=\"width:30%;\"><div class=\"s201_overlay_img\" style=\"background-image:url('https:\/\/lebensraumerhalten.ch\/wp-content\/uploads\/2020\/10\/WStr_32_34_11_Montage.jpeg')\"><img src=\"https:\/\/lebensraumerhalten.ch\/wp-content\/uploads\/2020\/10\/WStr_32_34_11_Montage.jpeg\" srcset=\"https:\/\/lebensraumerhalten.ch\/wp-content\/uploads\/2020\/10\/WStr_32_34_11_Montage-217x300.jpeg 217w, https:\/\/lebensraumerhalten.ch\/wp-content\/uploads\/2020\/10\/WStr_32_34_11_Montage-740x1024.jpeg 740w, https:\/\/lebensraumerhalten.ch\/wp-content\/uploads\/2020\/10\/WStr_32_34_11_Montage-768x1063.jpeg 768w, https:\/\/lebensraumerhalten.ch\/wp-content\/uploads\/2020\/10\/WStr_32_34_11_Montage.jpeg 925w\" sizes=\"(max-width: 925px) 100vw, 925px\" alt=\"\" class=\"s201_noselect\"\/><\/div>\r\n\t\t\t\t\t\t\t<div class=\"s201_slider s201_style_4\" style=\"top:50%;\"><div class=\"s201_top_line\"><\/div><div class=\"s201_handle\"><div class=\"s201_left_arrow\"><\/div><div class=\"s201_right_arrow\"><\/div><\/div><div class=\"s201_bottom_line\"><\/div><\/div>\r\n\t\t\t\t\t\t<\/div>\t\t\t<div class=\"s201_caption_text\"><span>Visualisierung: W. Gottschall<\/span><\/div>\t\t<\/div>\r\n\t\t<\/div>\n\n\n\n<div class=\"wp-block-group\"><div class=\"wp-block-group__inner-container\">\n<h2><b>Verlust an Lebensqualit\u00e4t, fortschreitende Gentrifizierung<\/b><\/h2>\n\n\n\n<p>Der durchgehende, bisher unverbaute Gr\u00fcnkorridor sorgt f\u00fcr viel Sonneneinstrahlung auf das s\u00fcdwestw\u00e4rts gerichtete H\u00e4userensemble. Der geplante Neubau wird zu einem grossfl\u00e4chigen Schattenwurf auf die anliegenden Liegenschaften und ihre viel genutzten G\u00e4rten f\u00fchren. F\u00fcr die hier lebenden Menschen bedeutet dies ein enormer Verlust an Lebensqualit\u00e4t, die Grundst\u00fccke erfahren eine substanzielle Entwertung.<span class=\"Apple-converted-space\">&nbsp;<\/span><\/p>\n\n\n\n<p>Auf dem vom Neubau direkt betroffenen Grundst\u00fcck an der Witikonerstrasse 32-34 weichen die heutigen preisg\u00fcnstigen Mietwohnungen teuren Eigentumswohnungen. Dies f\u00f6rdert die weitere Gentrifizierung des Quartiers.<\/p>\n\n\n\n<p>Anstelle eines ganzheitlichen Projektes, das der positiven Entwicklung des Quartiers dient, steht das renditeorientierte Neubauprojekt eines einzelnen Eigent\u00fcmers der Lebensqualit\u00e4t vieler Menschen im Quartier sowie dem Schutz der Natur und des Klimas gegen\u00fcber.<\/p>\n\n\n\n<h2><b>Wir f\u00fcrs Quartier<\/b><\/h2>\n\n\n\n<p>Die Interessengemeinschaft Lebensraum Erhalten setzt sich aktuell f\u00fcr Mitsprache bei diesem Neubauprojekt Witikonerstrasse 32\/34 ein. Wir m\u00f6chten die \u00fcber Jahre gewachsene Qualit\u00e4t unseres Lebensraums erhalten. Wir m\u00f6chten den biodiversen Lebensraum inmitten der Stadt sch\u00fctzen und wir fordern, dass Stadtentwicklung stets ganzheitlich der Vision von lebenswerten Nachbarschaften dient.<span class=\"Apple-converted-space\">\u00a0<\/span><\/p>\n\n\n\n<p>M\u00f6chten sie mehr erfahren oder uns unterst\u00fctzen? Nehmen Sie <a href=\"https:\/\/lebensraumerhalten.ch\/?page_id=22\" target=\"_blank\" rel=\"noopener noreferrer\"><b>Kontakt<\/b><\/a>&nbsp;zu uns auf.<span class=\"Apple-converted-space\">&nbsp;<\/span><\/p>\n\n\n\n<h3><b>Auf einen Blick<\/b><\/h3>\n\n\n\n<ul><li>Baugrundst\u00fcck Neubauprojekt: Witikonerstrasse 32-34<\/li><li>Baugesuch publiziert am 2. September 2020 im <a href=\"https:\/\/www.stadt-zuerich.ch\/content\/amtliche-mitteilungen\/publikationen\/2020\/2020-35\/amtsblatt\/_jcr_content\/pdf\/fileContent.res\/Amtsblatt-der-Stadt-Zuerich_35-2020.pdf\">Amtsblatt Nr. 35 der Stadt Z\u00fcrich<\/a><\/li><li>Baugesuch: <a href=\"https:\/\/www.moneyhouse.ch\/de\/company\/lutisbach-park-ag-13165858121\">Lutisbach Park AG<\/a>, Zug<\/li><li>Projektverfasserin: <a href=\"https:\/\/www.hdpf.ch\/\">HDPF AG<\/a>, Z\u00fcrich<span class=\"Apple-converted-space\">&nbsp;<\/span><\/li><\/ul>\n\n\n\n<p><\/p>\n<\/div><\/div>\n\n\n<div id=\"s201_slides-1-1\" class=\"s201_slides s201_slides-1\" data-s201=\"{&quot;vertical&quot;:0,&quot;sliding_behavior&quot;:&quot;hover&quot;}\">\r\n\t\t<div class=\"s201_holder s201_slide_active\" data-part=\"holder\">\r\n\t\t\t<img src=\"https:\/\/lebensraumerhalten.ch\/wp-content\/uploads\/2020\/10\/WStr32_34_14.jpeg\" srcset=\"https:\/\/lebensraumerhalten.ch\/wp-content\/uploads\/2020\/10\/WStr32_34_14-188x300.jpeg 188w, https:\/\/lebensraumerhalten.ch\/wp-content\/uploads\/2020\/10\/WStr32_34_14-640x1024.jpeg 640w, https:\/\/lebensraumerhalten.ch\/wp-content\/uploads\/2020\/10\/WStr32_34_14-768x1229.jpeg 768w, https:\/\/lebensraumerhalten.ch\/wp-content\/uploads\/2020\/10\/WStr32_34_14.jpeg 800w\" sizes=\"(max-width: 800px) 100vw, 800px\" alt=\"\" class=\"s201_img_holder s201_noselect\"\/><div class=\"s201_item_img s201_noselect\"><div class=\"s201_overlay_img\" style=\"background-image:url('https:\/\/lebensraumerhalten.ch\/wp-content\/uploads\/2020\/10\/WStr32_34_14.jpeg')\"><img src=\"https:\/\/lebensraumerhalten.ch\/wp-content\/uploads\/2020\/10\/WStr32_34_14.jpeg\" srcset=\"https:\/\/lebensraumerhalten.ch\/wp-content\/uploads\/2020\/10\/WStr32_34_14-188x300.jpeg 188w, https:\/\/lebensraumerhalten.ch\/wp-content\/uploads\/2020\/10\/WStr32_34_14-640x1024.jpeg 640w, https:\/\/lebensraumerhalten.ch\/wp-content\/uploads\/2020\/10\/WStr32_34_14-768x1229.jpeg 768w, https:\/\/lebensraumerhalten.ch\/wp-content\/uploads\/2020\/10\/WStr32_34_14.jpeg 800w\" sizes=\"(max-width: 800px) 100vw, 800px\" alt=\"\" class=\"s201_noselect\"\/><\/div><\/div><div class=\"s201_item_img s201_noselect\" style=\"width:47%;\"><div class=\"s201_overlay_img\" style=\"background-image:url('https:\/\/lebensraumerhalten.ch\/wp-content\/uploads\/2020\/10\/WStr32_34_14-Montage.jpeg')\"><img src=\"https:\/\/lebensraumerhalten.ch\/wp-content\/uploads\/2020\/10\/WStr32_34_14-Montage.jpeg\" srcset=\"https:\/\/lebensraumerhalten.ch\/wp-content\/uploads\/2020\/10\/WStr32_34_14-Montage-188x300.jpeg 188w, https:\/\/lebensraumerhalten.ch\/wp-content\/uploads\/2020\/10\/WStr32_34_14-Montage-640x1024.jpeg 640w, https:\/\/lebensraumerhalten.ch\/wp-content\/uploads\/2020\/10\/WStr32_34_14-Montage-768x1229.jpeg 768w, https:\/\/lebensraumerhalten.ch\/wp-content\/uploads\/2020\/10\/WStr32_34_14-Montage.jpeg 800w\" sizes=\"(max-width: 800px) 100vw, 800px\" alt=\"\" class=\"s201_noselect\"\/><\/div>\r\n\t\t\t\t\t\t\t<div class=\"s201_slider s201_style_4\" style=\"top:50%;\"><div class=\"s201_top_line\"><\/div><div class=\"s201_handle\"><div class=\"s201_left_arrow\"><\/div><div class=\"s201_right_arrow\"><\/div><\/div><div class=\"s201_bottom_line\"><\/div><\/div>\r\n\t\t\t\t\t\t<\/div>\t\t\t<div class=\"s201_caption_text\"><span>Visualisierung: W. Gottschall<\/span><\/div>\t\t<\/div>\r\n\t\t<\/div>\n\n\n\n<p><\/p>\n","protected":false},"excerpt":{"rendered":"<p>Am 2. September 2020 wurde im Amtsblatt der Stadt Z\u00fcrich ein Baugesuch f\u00fcr ein Neubauprojekt an der Witikonerstrasse 32\/34 publiziert. So kurz wie trocken war [&#8230;]<\/p>\n","protected":false},"author":1,"featured_media":12,"parent":0,"menu_order":0,"comment_status":"closed","ping_status":"open","template":"","meta":[],"_links":{"self":[{"href":"https:\/\/lebensraumerhalten.ch\/index.php?rest_route=\/wp\/v2\/pages\/2"}],"collection":[{"href":"https:\/\/lebensraumerhalten.ch\/index.php?rest_route=\/wp\/v2\/pages"}],"about":[{"href":"https:\/\/lebensraumerhalten.ch\/index.php?rest_route=\/wp\/v2\/types\/page"}],"author":[{"embeddable":true,"href":"https:\/\/lebensraumerhalten.ch\/index.php?rest_route=\/wp\/v2\/users\/1"}],"replies":[{"embeddable":true,"href":"https:\/\/lebensraumerhalten.ch\/index.php?rest_route=%2Fwp%2Fv2%2Fcomments&post=2"}],"version-history":[{"count":22,"href":"https:\/\/lebensraumerhalten.ch\/index.php?rest_route=\/wp\/v2\/pages\/2\/revisions"}],"predecessor-version":[{"id":115,"href":"https:\/\/lebensraumerhalten.ch\/index.php?rest_route=\/wp\/v2\/pages\/2\/revisions\/115"}],"wp:featuredmedia":[{"embeddable":true,"href":"https:\/\/lebensraumerhalten.ch\/index.php?rest_route=\/wp\/v2\/media\/12"}],"wp:attachment":[{"href":"https:\/\/lebensraumerhalten.ch\/index.php?rest_route=%2Fwp%2Fv2%2Fmedia&parent=2"}],"curies":[{"name":"wp","href":"https:\/\/api.w.org\/{rel}","templated":true}]}}